{"id":115,"date":"2021-03-09T17:20:44","date_gmt":"2021-03-09T17:20:44","guid":{"rendered":"https:\/\/lahdenkitaraorkesteri.fi\/?page_id=115"},"modified":"2025-11-06T16:07:55","modified_gmt":"2025-11-06T16:07:55","slug":"ajankohtaista","status":"publish","type":"page","link":"https:\/\/lahdenkitaraorkesteri.fi\/index.php\/ajankohtaista\/","title":{"rendered":"Ajankohtaista:"},"content":{"rendered":"\n<p>Orkesteri on edelleen voimissaan. Harjoittelemme ja keikkailemmekin satunnaisesti! (6.11.2025)<\/p>\n\n\n\n<p>HUOM! Lahden Kitaraorkesterin levynjulkistaminen 20.4.2024 klo 11:00 Lahden Gaudian Auditoriossa!<br>Vapaa p\u00e4\u00e4sy! CD-levy\u00e4 myynniss\u00e4 (10 eur\/kpl)!<\/p>\n\n\n\n<p>Tulevan Wellamo-opiston konsertin aikana Kitaraorkesterin CD levymyynti \u201dWith love to the guitar\u201d Gaudian aulassa, 15 \u20ac\/kpl (k\u00e4teinen). Katso ilmoitus alla!<\/p>\n\n\n\n<figure class=\"wp-block-image size-full\"><img loading=\"lazy\" decoding=\"async\" width=\"768\" height=\"1024\" src=\"https:\/\/lahdenkitaraorkesteri.fi\/wp-content\/uploads\/2023\/02\/WhatsApp-Image-2023-02-16-at-20.46.32.jpeg\" alt=\"\" class=\"wp-image-230\" srcset=\"https:\/\/lahdenkitaraorkesteri.fi\/wp-content\/uploads\/2023\/02\/WhatsApp-Image-2023-02-16-at-20.46.32.jpeg 768w, https:\/\/lahdenkitaraorkesteri.fi\/wp-content\/uploads\/2023\/02\/WhatsApp-Image-2023-02-16-at-20.46.32-225x300.jpeg 225w\" sizes=\"auto, (max-width: 768px) 100vw, 768px\" \/><\/figure>\n\n\n\n<figure class=\"wp-block-image size-full\"><img loading=\"lazy\" decoding=\"async\" width=\"351\" height=\"352\" src=\"https:\/\/lahdenkitaraorkesteri.fi\/wp-content\/uploads\/2022\/12\/12-8-2022-11-58-49-ap-.jpg\" alt=\"\" class=\"wp-image-224\" srcset=\"https:\/\/lahdenkitaraorkesteri.fi\/wp-content\/uploads\/2022\/12\/12-8-2022-11-58-49-ap-.jpg 351w, https:\/\/lahdenkitaraorkesteri.fi\/wp-content\/uploads\/2022\/12\/12-8-2022-11-58-49-ap--300x300.jpg 300w, https:\/\/lahdenkitaraorkesteri.fi\/wp-content\/uploads\/2022\/12\/12-8-2022-11-58-49-ap--150x150.jpg 150w\" sizes=\"auto, (max-width: 351px) 100vw, 351px\" \/><figcaption class=\"wp-element-caption\">CD:n takakansi<\/figcaption><\/figure>\n\n\n\n<p><\/p>\n\n\n\n<p><strong>\u00c4\u00e4nityksi\u00e4:<\/strong><\/p>\n\n\n\n<p>Kitaraorkesteri on k\u00e4ynyt \u00e4\u00e4nitt\u00e4m\u00e4ss\u00e4 joulukuussa 2021 ja kev\u00e4\u00e4ll\u00e4 2022 muutamia kappaleita. N\u00e4ist\u00e4 on tulossa CD-levy syksyll\u00e4 2022. J\u00e4\u00e4mme odottelemaan sit\u00e4&#8230;<\/p>\n\n\n\n<p><strong>Keikat:<\/strong><\/p>\n\n\n\n<p><\/p>\n\n\n\n<p><\/p>\n\n\n\n<p><\/p>\n","protected":false},"excerpt":{"rendered":"<p>Orkesteri on edelleen voimissaan. Harjoittelemme ja keikkailemmekin satunnaisesti! (6.11.2025) HUOM! Lahden Kitaraorkesterin levynjulkistaminen 20.4.2024 klo 11:00 Lahden Gaudian Auditoriossa!Vapaa p\u00e4\u00e4sy! CD-levy\u00e4 myynniss\u00e4 (10 eur\/kpl)! Tulevan Wellamo-opiston konsertin aikana Kitaraorkesterin CD levymyynti \u201dWith love to the guitar\u201d Gaudian aulassa, 15 \u20ac\/kpl (k\u00e4teinen). Katso ilmoitus alla! \u00c4\u00e4nityksi\u00e4: Kitaraorkesteri on k\u00e4ynyt \u00e4\u00e4nitt\u00e4m\u00e4ss\u00e4 joulukuussa 2021 ja kev\u00e4\u00e4ll\u00e4 2022 muutamia [&hellip;]<\/p>\n","protected":false},"author":3,"featured_media":0,"parent":0,"menu_order":0,"comment_status":"closed","ping_status":"closed","template":"","meta":{"site-sidebar-layout":"default","site-content-layout":"default","ast-site-content-layout":"default","site-content-style":"default","site-sidebar-style":"default","ast-global-header-display":"","ast-banner-title-visibility":"","ast-main-header-display":"","ast-hfb-above-header-display":"","ast-hfb-below-header-display":"","ast-hfb-mobile-header-display":"","site-post-title":"","ast-breadcrumbs-content":"","ast-featured-img":"","footer-sml-layout":"","ast-disable-related-posts":"","theme-transparent-header-meta":"default","adv-header-id-meta":"","stick-header-meta":"","header-above-stick-meta":"","header-main-stick-meta":"","header-below-stick-meta":"","astra-migrate-meta-layouts":"set","ast-page-background-enabled":"default","ast-page-background-meta":{"desktop":{"background-color":"","background-image":"","background-repeat":"repeat","background-position":"center center","background-size":"auto","background-attachment":"scroll","background-type":"","background-media":"","overlay-type":"","overlay-color":"","overlay-opacity":"","overlay-gradient":""},"tablet":{"background-color":"","background-image":"","background-repeat":"repeat","background-position":"center center","background-size":"auto","background-attachment":"scroll","background-type":"","background-media":"","overlay-type":"","overlay-color":"","overlay-opacity":"","overlay-gradient":""},"mobile":{"background-color":"","background-image":"","background-repeat":"repeat","background-position":"center center","background-size":"auto","background-attachment":"scroll","background-type":"","background-media":"","overlay-type":"","overlay-color":"","overlay-opacity":"","overlay-gradient":""}},"ast-content-background-meta":{"desktop":{"background-color":"var(--ast-global-color-5)","background-image":"","background-repeat":"repeat","background-position":"center center","background-size":"auto","background-attachment":"scroll","background-type":"","background-media":"","overlay-type":"","overlay-color":"","overlay-opacity":"","overlay-gradient":""},"tablet":{"background-color":"var(--ast-global-color-5)","background-image":"","background-repeat":"repeat","background-position":"center center","background-size":"auto","background-attachment":"scroll","background-type":"","background-media":"","overlay-type":"","overlay-color":"","overlay-opacity":"","overlay-gradient":""},"mobile":{"background-color":"var(--ast-global-color-5)","background-image":"","background-repeat":"repeat","background-position":"center center","background-size":"auto","background-attachment":"scroll","background-type":"","background-media":"","overlay-type":"","overlay-color":"","overlay-opacity":"","overlay-gradient":""}},"footnotes":""},"class_list":["post-115","page","type-page","status-publish","hentry"],"yoast_head":"<!-- This site is optimized with the Yoast SEO plugin v27.2 - https:\/\/yoast.com\/product\/yoast-seo-wordpress\/ -->\n<title>Ajankohtaista: - LAHDEN KITARAORKESTERI<\/title>\n<meta name=\"robots\" content=\"index, follow, max-snippet:-1, max-image-preview:large, max-video-preview:-1\" \/>\n<link rel=\"canonical\" href=\"https:\/\/lahdenkitaraorkesteri.fi\/index.php\/ajankohtaista\/\" \/>\n<meta property=\"og:locale\" content=\"fi_FI\" \/>\n<meta property=\"og:type\" content=\"article\" \/>\n<meta property=\"og:title\" content=\"Ajankohtaista: - LAHDEN KITARAORKESTERI\" \/>\n<meta property=\"og:description\" content=\"Orkesteri on edelleen voimissaan. Harjoittelemme ja keikkailemmekin satunnaisesti! (6.11.2025) HUOM! Lahden Kitaraorkesterin levynjulkistaminen 20.4.2024 klo 11:00 Lahden Gaudian Auditoriossa!Vapaa p\u00e4\u00e4sy! CD-levy\u00e4 myynniss\u00e4 (10 eur\/kpl)! Tulevan Wellamo-opiston konsertin aikana Kitaraorkesterin CD levymyynti \u201dWith love to the guitar\u201d Gaudian aulassa, 15 \u20ac\/kpl (k\u00e4teinen). Katso ilmoitus alla! \u00c4\u00e4nityksi\u00e4: Kitaraorkesteri on k\u00e4ynyt \u00e4\u00e4nitt\u00e4m\u00e4ss\u00e4 joulukuussa 2021 ja kev\u00e4\u00e4ll\u00e4 2022 muutamia [&hellip;]\" \/>\n<meta property=\"og:url\" content=\"https:\/\/lahdenkitaraorkesteri.fi\/index.php\/ajankohtaista\/\" \/>\n<meta property=\"og:site_name\" content=\"LAHDEN KITARAORKESTERI\" \/>\n<meta property=\"article:modified_time\" content=\"2025-11-06T16:07:55+00:00\" \/>\n<meta property=\"og:image\" content=\"https:\/\/lahdenkitaraorkesteri.fi\/wp-content\/uploads\/2023\/02\/WhatsApp-Image-2023-02-16-at-20.46.32.jpeg\" \/>\n\t<meta property=\"og:image:width\" content=\"768\" \/>\n\t<meta property=\"og:image:height\" content=\"1024\" \/>\n\t<meta property=\"og:image:type\" content=\"image\/jpeg\" \/>\n<meta name=\"twitter:card\" content=\"summary_large_image\" \/>\n<meta name=\"twitter:label1\" content=\"Arvioitu lukuaika\" \/>\n\t<meta name=\"twitter:data1\" content=\"1 minuutti\" \/>\n<script type=\"application\/ld+json\" class=\"yoast-schema-graph\">{\"@context\":\"https:\/\/schema.org\",\"@graph\":[{\"@type\":\"WebPage\",\"@id\":\"https:\/\/lahdenkitaraorkesteri.fi\/index.php\/ajankohtaista\/\",\"url\":\"https:\/\/lahdenkitaraorkesteri.fi\/index.php\/ajankohtaista\/\",\"name\":\"Ajankohtaista: - LAHDEN KITARAORKESTERI\",\"isPartOf\":{\"@id\":\"https:\/\/lahdenkitaraorkesteri.fi\/#website\"},\"primaryImageOfPage\":{\"@id\":\"https:\/\/lahdenkitaraorkesteri.fi\/index.php\/ajankohtaista\/#primaryimage\"},\"image\":{\"@id\":\"https:\/\/lahdenkitaraorkesteri.fi\/index.php\/ajankohtaista\/#primaryimage\"},\"thumbnailUrl\":\"https:\/\/lahdenkitaraorkesteri.fi\/wp-content\/uploads\/2023\/02\/WhatsApp-Image-2023-02-16-at-20.46.32.jpeg\",\"datePublished\":\"2021-03-09T17:20:44+00:00\",\"dateModified\":\"2025-11-06T16:07:55+00:00\",\"breadcrumb\":{\"@id\":\"https:\/\/lahdenkitaraorkesteri.fi\/index.php\/ajankohtaista\/#breadcrumb\"},\"inLanguage\":\"fi\",\"potentialAction\":[{\"@type\":\"ReadAction\",\"target\":[\"https:\/\/lahdenkitaraorkesteri.fi\/index.php\/ajankohtaista\/\"]}]},{\"@type\":\"ImageObject\",\"inLanguage\":\"fi\",\"@id\":\"https:\/\/lahdenkitaraorkesteri.fi\/index.php\/ajankohtaista\/#primaryimage\",\"url\":\"https:\/\/lahdenkitaraorkesteri.fi\/wp-content\/uploads\/2023\/02\/WhatsApp-Image-2023-02-16-at-20.46.32.jpeg\",\"contentUrl\":\"https:\/\/lahdenkitaraorkesteri.fi\/wp-content\/uploads\/2023\/02\/WhatsApp-Image-2023-02-16-at-20.46.32.jpeg\",\"width\":768,\"height\":1024},{\"@type\":\"BreadcrumbList\",\"@id\":\"https:\/\/lahdenkitaraorkesteri.fi\/index.php\/ajankohtaista\/#breadcrumb\",\"itemListElement\":[{\"@type\":\"ListItem\",\"position\":1,\"name\":\"Home\",\"item\":\"https:\/\/lahdenkitaraorkesteri.fi\/\"},{\"@type\":\"ListItem\",\"position\":2,\"name\":\"Ajankohtaista:\"}]},{\"@type\":\"WebSite\",\"@id\":\"https:\/\/lahdenkitaraorkesteri.fi\/#website\",\"url\":\"https:\/\/lahdenkitaraorkesteri.fi\/\",\"name\":\"LAHDEN KITARAORKESTERI\",\"description\":\"Soittoa ja laulua vuodesta 2002\",\"publisher\":{\"@id\":\"https:\/\/lahdenkitaraorkesteri.fi\/#organization\"},\"potentialAction\":[{\"@type\":\"SearchAction\",\"target\":{\"@type\":\"EntryPoint\",\"urlTemplate\":\"https:\/\/lahdenkitaraorkesteri.fi\/?s={search_term_string}\"},\"query-input\":{\"@type\":\"PropertyValueSpecification\",\"valueRequired\":true,\"valueName\":\"search_term_string\"}}],\"inLanguage\":\"fi\"},{\"@type\":\"Organization\",\"@id\":\"https:\/\/lahdenkitaraorkesteri.fi\/#organization\",\"name\":\"LAHDEN KITARAORKESTERI\",\"url\":\"https:\/\/lahdenkitaraorkesteri.fi\/\",\"logo\":{\"@type\":\"ImageObject\",\"inLanguage\":\"fi\",\"@id\":\"https:\/\/lahdenkitaraorkesteri.fi\/#\/schema\/logo\/image\/\",\"url\":\"https:\/\/lahdenkitaraorkesteri.fi\/wp-content\/uploads\/2021\/03\/cropped-LKO-Logo.jpg\",\"contentUrl\":\"https:\/\/lahdenkitaraorkesteri.fi\/wp-content\/uploads\/2021\/03\/cropped-LKO-Logo.jpg\",\"width\":512,\"height\":512,\"caption\":\"LAHDEN KITARAORKESTERI\"},\"image\":{\"@id\":\"https:\/\/lahdenkitaraorkesteri.fi\/#\/schema\/logo\/image\/\"}}]}<\/script>\n<!-- \/ Yoast SEO plugin. -->","yoast_head_json":{"title":"Ajankohtaista: - LAHDEN KITARAORKESTERI","robots":{"index":"index","follow":"follow","max-snippet":"max-snippet:-1","max-image-preview":"max-image-preview:large","max-video-preview":"max-video-preview:-1"},"canonical":"https:\/\/lahdenkitaraorkesteri.fi\/index.php\/ajankohtaista\/","og_locale":"fi_FI","og_type":"article","og_title":"Ajankohtaista: - LAHDEN KITARAORKESTERI","og_description":"Orkesteri on edelleen voimissaan. Harjoittelemme ja keikkailemmekin satunnaisesti! (6.11.2025) HUOM! Lahden Kitaraorkesterin levynjulkistaminen 20.4.2024 klo 11:00 Lahden Gaudian Auditoriossa!Vapaa p\u00e4\u00e4sy! CD-levy\u00e4 myynniss\u00e4 (10 eur\/kpl)! Tulevan Wellamo-opiston konsertin aikana Kitaraorkesterin CD levymyynti \u201dWith love to the guitar\u201d Gaudian aulassa, 15 \u20ac\/kpl (k\u00e4teinen). Katso ilmoitus alla! \u00c4\u00e4nityksi\u00e4: Kitaraorkesteri on k\u00e4ynyt \u00e4\u00e4nitt\u00e4m\u00e4ss\u00e4 joulukuussa 2021 ja kev\u00e4\u00e4ll\u00e4 2022 muutamia [&hellip;]","og_url":"https:\/\/lahdenkitaraorkesteri.fi\/index.php\/ajankohtaista\/","og_site_name":"LAHDEN KITARAORKESTERI","article_modified_time":"2025-11-06T16:07:55+00:00","og_image":[{"width":768,"height":1024,"url":"https:\/\/lahdenkitaraorkesteri.fi\/wp-content\/uploads\/2023\/02\/WhatsApp-Image-2023-02-16-at-20.46.32.jpeg","type":"image\/jpeg"}],"twitter_card":"summary_large_image","twitter_misc":{"Arvioitu lukuaika":"1 minuutti"},"schema":{"@context":"https:\/\/schema.org","@graph":[{"@type":"WebPage","@id":"https:\/\/lahdenkitaraorkesteri.fi\/index.php\/ajankohtaista\/","url":"https:\/\/lahdenkitaraorkesteri.fi\/index.php\/ajankohtaista\/","name":"Ajankohtaista: - LAHDEN KITARAORKESTERI","isPartOf":{"@id":"https:\/\/lahdenkitaraorkesteri.fi\/#website"},"primaryImageOfPage":{"@id":"https:\/\/lahdenkitaraorkesteri.fi\/index.php\/ajankohtaista\/#primaryimage"},"image":{"@id":"https:\/\/lahdenkitaraorkesteri.fi\/index.php\/ajankohtaista\/#primaryimage"},"thumbnailUrl":"https:\/\/lahdenkitaraorkesteri.fi\/wp-content\/uploads\/2023\/02\/WhatsApp-Image-2023-02-16-at-20.46.32.jpeg","datePublished":"2021-03-09T17:20:44+00:00","dateModified":"2025-11-06T16:07:55+00:00","breadcrumb":{"@id":"https:\/\/lahdenkitaraorkesteri.fi\/index.php\/ajankohtaista\/#breadcrumb"},"inLanguage":"fi","potentialAction":[{"@type":"ReadAction","target":["https:\/\/lahdenkitaraorkesteri.fi\/index.php\/ajankohtaista\/"]}]},{"@type":"ImageObject","inLanguage":"fi","@id":"https:\/\/lahdenkitaraorkesteri.fi\/index.php\/ajankohtaista\/#primaryimage","url":"https:\/\/lahdenkitaraorkesteri.fi\/wp-content\/uploads\/2023\/02\/WhatsApp-Image-2023-02-16-at-20.46.32.jpeg","contentUrl":"https:\/\/lahdenkitaraorkesteri.fi\/wp-content\/uploads\/2023\/02\/WhatsApp-Image-2023-02-16-at-20.46.32.jpeg","width":768,"height":1024},{"@type":"BreadcrumbList","@id":"https:\/\/lahdenkitaraorkesteri.fi\/index.php\/ajankohtaista\/#breadcrumb","itemListElement":[{"@type":"ListItem","position":1,"name":"Home","item":"https:\/\/lahdenkitaraorkesteri.fi\/"},{"@type":"ListItem","position":2,"name":"Ajankohtaista:"}]},{"@type":"WebSite","@id":"https:\/\/lahdenkitaraorkesteri.fi\/#website","url":"https:\/\/lahdenkitaraorkesteri.fi\/","name":"LAHDEN KITARAORKESTERI","description":"Soittoa ja laulua vuodesta 2002","publisher":{"@id":"https:\/\/lahdenkitaraorkesteri.fi\/#organization"},"potentialAction":[{"@type":"SearchAction","target":{"@type":"EntryPoint","urlTemplate":"https:\/\/lahdenkitaraorkesteri.fi\/?s={search_term_string}"},"query-input":{"@type":"PropertyValueSpecification","valueRequired":true,"valueName":"search_term_string"}}],"inLanguage":"fi"},{"@type":"Organization","@id":"https:\/\/lahdenkitaraorkesteri.fi\/#organization","name":"LAHDEN KITARAORKESTERI","url":"https:\/\/lahdenkitaraorkesteri.fi\/","logo":{"@type":"ImageObject","inLanguage":"fi","@id":"https:\/\/lahdenkitaraorkesteri.fi\/#\/schema\/logo\/image\/","url":"https:\/\/lahdenkitaraorkesteri.fi\/wp-content\/uploads\/2021\/03\/cropped-LKO-Logo.jpg","contentUrl":"https:\/\/lahdenkitaraorkesteri.fi\/wp-content\/uploads\/2021\/03\/cropped-LKO-Logo.jpg","width":512,"height":512,"caption":"LAHDEN KITARAORKESTERI"},"image":{"@id":"https:\/\/lahdenkitaraorkesteri.fi\/#\/schema\/logo\/image\/"}}]}},"_links":{"self":[{"href":"https:\/\/lahdenkitaraorkesteri.fi\/index.php\/wp-json\/wp\/v2\/pages\/115","targetHints":{"allow":["GET"]}}],"collection":[{"href":"https:\/\/lahdenkitaraorkesteri.fi\/index.php\/wp-json\/wp\/v2\/pages"}],"about":[{"href":"https:\/\/lahdenkitaraorkesteri.fi\/index.php\/wp-json\/wp\/v2\/types\/page"}],"author":[{"embeddable":true,"href":"https:\/\/lahdenkitaraorkesteri.fi\/index.php\/wp-json\/wp\/v2\/users\/3"}],"replies":[{"embeddable":true,"href":"https:\/\/lahdenkitaraorkesteri.fi\/index.php\/wp-json\/wp\/v2\/comments?post=115"}],"version-history":[{"count":16,"href":"https:\/\/lahdenkitaraorkesteri.fi\/index.php\/wp-json\/wp\/v2\/pages\/115\/revisions"}],"predecessor-version":[{"id":257,"href":"https:\/\/lahdenkitaraorkesteri.fi\/index.php\/wp-json\/wp\/v2\/pages\/115\/revisions\/257"}],"wp:attachment":[{"href":"https:\/\/lahdenkitaraorkesteri.fi\/index.php\/wp-json\/wp\/v2\/media?parent=115"}],"curies":[{"name":"wp","href":"https:\/\/api.w.org\/{rel}","templated":true}]}}