{"id":12,"date":"2021-03-02T15:15:46","date_gmt":"2021-03-02T15:15:46","guid":{"rendered":"https:\/\/lahdenkitaraorkesteri.fi\/?page_id=12"},"modified":"2021-07-14T20:26:00","modified_gmt":"2021-07-14T20:26:00","slug":"lahden-kitaraorkesteri-ry","status":"publish","type":"page","link":"https:\/\/lahdenkitaraorkesteri.fi\/","title":{"rendered":"Lahden Kitaraorkesteri ry"},"content":{"rendered":"\n<p>Soittoa ja laulua jo vuodesta 2002 saakka&#8230;<\/p>\n\n\n\n<div class=\"wp-block-columns alignwide are-vertically-aligned-center is-style-twentytwentyone-columns-overlap is-layout-flex wp-container-core-columns-is-layout-28f84493 wp-block-columns-is-layout-flex\">\n<div class=\"wp-block-column is-vertically-aligned-center is-layout-flow wp-block-column-is-layout-flow\">\n<div style=\"height:24px\" aria-hidden=\"true\" class=\"wp-block-spacer\"><\/div>\n\n\n\n<figure class=\"wp-block-image alignfull size-large is-style-twentytwentyone-image-frame\"><img loading=\"lazy\" decoding=\"async\" width=\"1024\" height=\"721\" src=\"https:\/\/lahdenkitaraorkesteri.fi\/wp-content\/uploads\/2021\/07\/lahdenkitaraorkesteri-1024x721.jpg\" alt=\"\" class=\"wp-image-181\" srcset=\"https:\/\/lahdenkitaraorkesteri.fi\/wp-content\/uploads\/2021\/07\/lahdenkitaraorkesteri-1024x721.jpg 1024w, https:\/\/lahdenkitaraorkesteri.fi\/wp-content\/uploads\/2021\/07\/lahdenkitaraorkesteri-300x211.jpg 300w, https:\/\/lahdenkitaraorkesteri.fi\/wp-content\/uploads\/2021\/07\/lahdenkitaraorkesteri-768x541.jpg 768w, https:\/\/lahdenkitaraorkesteri.fi\/wp-content\/uploads\/2021\/07\/lahdenkitaraorkesteri-1536x1082.jpg 1536w, https:\/\/lahdenkitaraorkesteri.fi\/wp-content\/uploads\/2021\/07\/lahdenkitaraorkesteri-2048x1443.jpg 2048w\" sizes=\"auto, (max-width: 1024px) 100vw, 1024px\" \/><\/figure>\n<\/div>\n<\/div>\n","protected":false},"excerpt":{"rendered":"<p>Soittoa ja laulua jo vuodesta 2002 saakka&#8230;<\/p>\n","protected":false},"author":3,"featured_media":0,"parent":0,"menu_order":0,"comment_status":"closed","ping_status":"closed","template":"","meta":{"site-sidebar-layout":"default","site-content-layout":"default","ast-site-content-layout":"default","site-content-style":"default","site-sidebar-style":"default","ast-global-header-display":"","ast-banner-title-visibility":"","ast-main-header-display":"","ast-hfb-above-header-display":"","ast-hfb-below-header-display":"","ast-hfb-mobile-header-display":"","site-post-title":"","ast-breadcrumbs-content":"","ast-featured-img":"","footer-sml-layout":"","ast-disable-related-posts":"","theme-transparent-header-meta":"default","adv-header-id-meta":"","stick-header-meta":"","header-above-stick-meta":"","header-main-stick-meta":"","header-below-stick-meta":"","astra-migrate-meta-layouts":"default","ast-page-background-enabled":"default","ast-page-background-meta":{"desktop":{"background-color":"","background-image":"","background-repeat":"repeat","background-position":"center center","background-size":"auto","background-attachment":"scroll","background-type":"","background-media":"","overlay-type":"","overlay-color":"","overlay-opacity":"","overlay-gradient":""},"tablet":{"background-color":"","background-image":"","background-repeat":"repeat","background-position":"center center","background-size":"auto","background-attachment":"scroll","background-type":"","background-media":"","overlay-type":"","overlay-color":"","overlay-opacity":"","overlay-gradient":""},"mobile":{"background-color":"","background-image":"","background-repeat":"repeat","background-position":"center center","background-size":"auto","background-attachment":"scroll","background-type":"","background-media":"","overlay-type":"","overlay-color":"","overlay-opacity":"","overlay-gradient":""}},"ast-content-background-meta":{"desktop":{"background-color":"var(--ast-global-color-5)","background-image":"","background-repeat":"repeat","background-position":"center center","background-size":"auto","background-attachment":"scroll","background-type":"","background-media":"","overlay-type":"","overlay-color":"","overlay-opacity":"","overlay-gradient":""},"tablet":{"background-color":"var(--ast-global-color-5)","background-image":"","background-repeat":"repeat","background-position":"center center","background-size":"auto","background-attachment":"scroll","background-type":"","background-media":"","overlay-type":"","overlay-color":"","overlay-opacity":"","overlay-gradient":""},"mobile":{"background-color":"var(--ast-global-color-5)","background-image":"","background-repeat":"repeat","background-position":"center center","background-size":"auto","background-attachment":"scroll","background-type":"","background-media":"","overlay-type":"","overlay-color":"","overlay-opacity":"","overlay-gradient":""}},"footnotes":""},"class_list":["post-12","page","type-page","status-publish","hentry"],"yoast_head":"<!-- This site is optimized with the Yoast SEO plugin v27.2 - https:\/\/yoast.com\/product\/yoast-seo-wordpress\/ -->\n<title>LAHDEN KITARAORKESTERI<\/title>\n<meta name=\"description\" content=\"Lahtelainen kitaransoiton harrastajaryhm\u00e4, jonka voit my\u00f6s tilata esiintym\u00e4\u00e4n erilaisiin tilaisuuksiin. Tsekkaa nettisivut!\" \/>\n<meta name=\"robots\" content=\"index, follow, max-snippet:-1, max-image-preview:large, max-video-preview:-1\" \/>\n<link rel=\"canonical\" href=\"https:\/\/lahdenkitaraorkesteri.fi\/\" \/>\n<meta property=\"og:locale\" content=\"fi_FI\" \/>\n<meta property=\"og:type\" content=\"article\" \/>\n<meta property=\"og:title\" content=\"LAHDEN KITARAORKESTERI\" \/>\n<meta property=\"og:description\" content=\"Lahtelainen kitaransoiton harrastajaryhm\u00e4, jonka voit my\u00f6s tilata esiintym\u00e4\u00e4n erilaisiin tilaisuuksiin. Tsekkaa nettisivut!\" \/>\n<meta property=\"og:url\" content=\"https:\/\/lahdenkitaraorkesteri.fi\/\" \/>\n<meta property=\"og:site_name\" content=\"LAHDEN KITARAORKESTERI\" \/>\n<meta property=\"article:modified_time\" content=\"2021-07-14T20:26:00+00:00\" \/>\n<meta property=\"og:image\" content=\"https:\/\/lahdenkitaraorkesteri.fi\/wp-content\/uploads\/2021\/07\/lahdenkitaraorkesteri-1024x721.jpg\" \/>\n<meta name=\"twitter:card\" content=\"summary_large_image\" \/>\n<meta name=\"twitter:label1\" content=\"Arvioitu lukuaika\" \/>\n\t<meta name=\"twitter:data1\" content=\"1 minuutti\" \/>\n<script type=\"application\/ld+json\" class=\"yoast-schema-graph\">{\"@context\":\"https:\/\/schema.org\",\"@graph\":[{\"@type\":\"WebPage\",\"@id\":\"https:\/\/lahdenkitaraorkesteri.fi\/\",\"url\":\"https:\/\/lahdenkitaraorkesteri.fi\/\",\"name\":\"LAHDEN KITARAORKESTERI\",\"isPartOf\":{\"@id\":\"https:\/\/lahdenkitaraorkesteri.fi\/#website\"},\"primaryImageOfPage\":{\"@id\":\"https:\/\/lahdenkitaraorkesteri.fi\/#primaryimage\"},\"image\":{\"@id\":\"https:\/\/lahdenkitaraorkesteri.fi\/#primaryimage\"},\"thumbnailUrl\":\"https:\/\/lahdenkitaraorkesteri.fi\/wp-content\/uploads\/2021\/07\/lahdenkitaraorkesteri-1024x721.jpg\",\"datePublished\":\"2021-03-02T15:15:46+00:00\",\"dateModified\":\"2021-07-14T20:26:00+00:00\",\"description\":\"Lahtelainen kitaransoiton harrastajaryhm\u00e4, jonka voit my\u00f6s tilata esiintym\u00e4\u00e4n erilaisiin tilaisuuksiin. Tsekkaa nettisivut!\",\"breadcrumb\":{\"@id\":\"https:\/\/lahdenkitaraorkesteri.fi\/#breadcrumb\"},\"inLanguage\":\"fi\",\"potentialAction\":[{\"@type\":\"ReadAction\",\"target\":[\"https:\/\/lahdenkitaraorkesteri.fi\/\"]}]},{\"@type\":\"ImageObject\",\"inLanguage\":\"fi\",\"@id\":\"https:\/\/lahdenkitaraorkesteri.fi\/#primaryimage\",\"url\":\"https:\/\/lahdenkitaraorkesteri.fi\/wp-content\/uploads\/2021\/07\/lahdenkitaraorkesteri-scaled.jpg\",\"contentUrl\":\"https:\/\/lahdenkitaraorkesteri.fi\/wp-content\/uploads\/2021\/07\/lahdenkitaraorkesteri-scaled.jpg\",\"width\":2560,\"height\":1803},{\"@type\":\"BreadcrumbList\",\"@id\":\"https:\/\/lahdenkitaraorkesteri.fi\/#breadcrumb\",\"itemListElement\":[{\"@type\":\"ListItem\",\"position\":1,\"name\":\"Home\",\"item\":\"https:\/\/lahdenkitaraorkesteri.fi\/\"},{\"@type\":\"ListItem\",\"position\":2,\"name\":\"Lahden Kitaraorkesteri ry\"}]},{\"@type\":\"WebSite\",\"@id\":\"https:\/\/lahdenkitaraorkesteri.fi\/#website\",\"url\":\"https:\/\/lahdenkitaraorkesteri.fi\/\",\"name\":\"LAHDEN KITARAORKESTERI\",\"description\":\"Soittoa ja laulua vuodesta 2002\",\"publisher\":{\"@id\":\"https:\/\/lahdenkitaraorkesteri.fi\/#organization\"},\"potentialAction\":[{\"@type\":\"SearchAction\",\"target\":{\"@type\":\"EntryPoint\",\"urlTemplate\":\"https:\/\/lahdenkitaraorkesteri.fi\/?s={search_term_string}\"},\"query-input\":{\"@type\":\"PropertyValueSpecification\",\"valueRequired\":true,\"valueName\":\"search_term_string\"}}],\"inLanguage\":\"fi\"},{\"@type\":\"Organization\",\"@id\":\"https:\/\/lahdenkitaraorkesteri.fi\/#organization\",\"name\":\"LAHDEN KITARAORKESTERI\",\"url\":\"https:\/\/lahdenkitaraorkesteri.fi\/\",\"logo\":{\"@type\":\"ImageObject\",\"inLanguage\":\"fi\",\"@id\":\"https:\/\/lahdenkitaraorkesteri.fi\/#\/schema\/logo\/image\/\",\"url\":\"https:\/\/lahdenkitaraorkesteri.fi\/wp-content\/uploads\/2021\/03\/cropped-LKO-Logo.jpg\",\"contentUrl\":\"https:\/\/lahdenkitaraorkesteri.fi\/wp-content\/uploads\/2021\/03\/cropped-LKO-Logo.jpg\",\"width\":512,\"height\":512,\"caption\":\"LAHDEN KITARAORKESTERI\"},\"image\":{\"@id\":\"https:\/\/lahdenkitaraorkesteri.fi\/#\/schema\/logo\/image\/\"}}]}<\/script>\n<!-- \/ Yoast SEO plugin. -->","yoast_head_json":{"title":"LAHDEN KITARAORKESTERI","description":"Lahtelainen kitaransoiton harrastajaryhm\u00e4, jonka voit my\u00f6s tilata esiintym\u00e4\u00e4n erilaisiin tilaisuuksiin. Tsekkaa nettisivut!","robots":{"index":"index","follow":"follow","max-snippet":"max-snippet:-1","max-image-preview":"max-image-preview:large","max-video-preview":"max-video-preview:-1"},"canonical":"https:\/\/lahdenkitaraorkesteri.fi\/","og_locale":"fi_FI","og_type":"article","og_title":"LAHDEN KITARAORKESTERI","og_description":"Lahtelainen kitaransoiton harrastajaryhm\u00e4, jonka voit my\u00f6s tilata esiintym\u00e4\u00e4n erilaisiin tilaisuuksiin. Tsekkaa nettisivut!","og_url":"https:\/\/lahdenkitaraorkesteri.fi\/","og_site_name":"LAHDEN KITARAORKESTERI","article_modified_time":"2021-07-14T20:26:00+00:00","og_image":[{"url":"https:\/\/lahdenkitaraorkesteri.fi\/wp-content\/uploads\/2021\/07\/lahdenkitaraorkesteri-1024x721.jpg","type":"","width":"","height":""}],"twitter_card":"summary_large_image","twitter_misc":{"Arvioitu lukuaika":"1 minuutti"},"schema":{"@context":"https:\/\/schema.org","@graph":[{"@type":"WebPage","@id":"https:\/\/lahdenkitaraorkesteri.fi\/","url":"https:\/\/lahdenkitaraorkesteri.fi\/","name":"LAHDEN KITARAORKESTERI","isPartOf":{"@id":"https:\/\/lahdenkitaraorkesteri.fi\/#website"},"primaryImageOfPage":{"@id":"https:\/\/lahdenkitaraorkesteri.fi\/#primaryimage"},"image":{"@id":"https:\/\/lahdenkitaraorkesteri.fi\/#primaryimage"},"thumbnailUrl":"https:\/\/lahdenkitaraorkesteri.fi\/wp-content\/uploads\/2021\/07\/lahdenkitaraorkesteri-1024x721.jpg","datePublished":"2021-03-02T15:15:46+00:00","dateModified":"2021-07-14T20:26:00+00:00","description":"Lahtelainen kitaransoiton harrastajaryhm\u00e4, jonka voit my\u00f6s tilata esiintym\u00e4\u00e4n erilaisiin tilaisuuksiin. Tsekkaa nettisivut!","breadcrumb":{"@id":"https:\/\/lahdenkitaraorkesteri.fi\/#breadcrumb"},"inLanguage":"fi","potentialAction":[{"@type":"ReadAction","target":["https:\/\/lahdenkitaraorkesteri.fi\/"]}]},{"@type":"ImageObject","inLanguage":"fi","@id":"https:\/\/lahdenkitaraorkesteri.fi\/#primaryimage","url":"https:\/\/lahdenkitaraorkesteri.fi\/wp-content\/uploads\/2021\/07\/lahdenkitaraorkesteri-scaled.jpg","contentUrl":"https:\/\/lahdenkitaraorkesteri.fi\/wp-content\/uploads\/2021\/07\/lahdenkitaraorkesteri-scaled.jpg","width":2560,"height":1803},{"@type":"BreadcrumbList","@id":"https:\/\/lahdenkitaraorkesteri.fi\/#breadcrumb","itemListElement":[{"@type":"ListItem","position":1,"name":"Home","item":"https:\/\/lahdenkitaraorkesteri.fi\/"},{"@type":"ListItem","position":2,"name":"Lahden Kitaraorkesteri ry"}]},{"@type":"WebSite","@id":"https:\/\/lahdenkitaraorkesteri.fi\/#website","url":"https:\/\/lahdenkitaraorkesteri.fi\/","name":"LAHDEN KITARAORKESTERI","description":"Soittoa ja laulua vuodesta 2002","publisher":{"@id":"https:\/\/lahdenkitaraorkesteri.fi\/#organization"},"potentialAction":[{"@type":"SearchAction","target":{"@type":"EntryPoint","urlTemplate":"https:\/\/lahdenkitaraorkesteri.fi\/?s={search_term_string}"},"query-input":{"@type":"PropertyValueSpecification","valueRequired":true,"valueName":"search_term_string"}}],"inLanguage":"fi"},{"@type":"Organization","@id":"https:\/\/lahdenkitaraorkesteri.fi\/#organization","name":"LAHDEN KITARAORKESTERI","url":"https:\/\/lahdenkitaraorkesteri.fi\/","logo":{"@type":"ImageObject","inLanguage":"fi","@id":"https:\/\/lahdenkitaraorkesteri.fi\/#\/schema\/logo\/image\/","url":"https:\/\/lahdenkitaraorkesteri.fi\/wp-content\/uploads\/2021\/03\/cropped-LKO-Logo.jpg","contentUrl":"https:\/\/lahdenkitaraorkesteri.fi\/wp-content\/uploads\/2021\/03\/cropped-LKO-Logo.jpg","width":512,"height":512,"caption":"LAHDEN KITARAORKESTERI"},"image":{"@id":"https:\/\/lahdenkitaraorkesteri.fi\/#\/schema\/logo\/image\/"}}]}},"_links":{"self":[{"href":"https:\/\/lahdenkitaraorkesteri.fi\/index.php\/wp-json\/wp\/v2\/pages\/12","targetHints":{"allow":["GET"]}}],"collection":[{"href":"https:\/\/lahdenkitaraorkesteri.fi\/index.php\/wp-json\/wp\/v2\/pages"}],"about":[{"href":"https:\/\/lahdenkitaraorkesteri.fi\/index.php\/wp-json\/wp\/v2\/types\/page"}],"author":[{"embeddable":true,"href":"https:\/\/lahdenkitaraorkesteri.fi\/index.php\/wp-json\/wp\/v2\/users\/3"}],"replies":[{"embeddable":true,"href":"https:\/\/lahdenkitaraorkesteri.fi\/index.php\/wp-json\/wp\/v2\/comments?post=12"}],"version-history":[{"count":17,"href":"https:\/\/lahdenkitaraorkesteri.fi\/index.php\/wp-json\/wp\/v2\/pages\/12\/revisions"}],"predecessor-version":[{"id":182,"href":"https:\/\/lahdenkitaraorkesteri.fi\/index.php\/wp-json\/wp\/v2\/pages\/12\/revisions\/182"}],"wp:attachment":[{"href":"https:\/\/lahdenkitaraorkesteri.fi\/index.php\/wp-json\/wp\/v2\/media?parent=12"}],"curies":[{"name":"wp","href":"https:\/\/api.w.org\/{rel}","templated":true}]}}