{"id":3,"date":"2021-03-02T06:33:37","date_gmt":"2021-03-02T06:33:37","guid":{"rendered":"https:\/\/lahdenkitaraorkesteri.fi\/?page_id=3"},"modified":"2021-03-09T21:00:45","modified_gmt":"2021-03-09T21:00:45","slug":"privacy-policy","status":"publish","type":"page","link":"https:\/\/lahdenkitaraorkesteri.fi\/index.php\/privacy-policy\/","title":{"rendered":"Tietosuoja"},"content":{"rendered":"\n<p>Sivuston osoite on: https:\/\/lahdenkitaraorkesteri.fi<\/p>\n\n\n\n<h4 class=\"wp-block-heading\">Ev\u00e4s\u00adtei\u00adden k\u00e4yt\u00adt\u00f6:<\/h4>\n\n\n\n<p>Sivuston k\u00e4ytt\u00f6\u00e4 seurataan, jotta palvelua voidaan parantaa. Seurannassa k\u00e4ytet\u00e4\u00e4n ev\u00e4steit\u00e4 (cookies). Ev\u00e4steet eiv\u00e4t sis\u00e4ll\u00e4 mit\u00e4\u00e4n sellaista tietoa, jolla k\u00e4ytt\u00e4j\u00e4n voisi yksil\u00f6id\u00e4 tai tunnistaa. Ev\u00e4ste ei vaikuta tietoturvaan, eik\u00e4 se voi levitt\u00e4\u00e4 viruksia tai haittaohjelmia. Vierailemalla sivustolla hyv\u00e4ksyt ev\u00e4steiden k\u00e4yt\u00f6n.<\/p>\n\n\n\n<p>Lis\u00e4tietoa kaikesta tietosuojaan liittyv\u00e4st\u00e4 l\u00f6yd\u00e4t sivulta:&nbsp;<a href=\"https:\/\/tietosuoja.fi\/tietosuoja\" target=\"_blank\" rel=\"noreferrer noopener\">https:\/\/tietosuoja.fi\/tietosuoja<\/a><\/p>\n","protected":false},"excerpt":{"rendered":"<p>Sivuston osoite on: https:\/\/lahdenkitaraorkesteri.fi Ev\u00e4s\u00adtei\u00adden k\u00e4yt\u00adt\u00f6: Sivuston k\u00e4ytt\u00f6\u00e4 seurataan, jotta palvelua voidaan parantaa. Seurannassa k\u00e4ytet\u00e4\u00e4n ev\u00e4steit\u00e4 (cookies). Ev\u00e4steet eiv\u00e4t sis\u00e4ll\u00e4 mit\u00e4\u00e4n sellaista tietoa, jolla k\u00e4ytt\u00e4j\u00e4n voisi yksil\u00f6id\u00e4 tai tunnistaa. Ev\u00e4ste ei vaikuta tietoturvaan, eik\u00e4 se voi levitt\u00e4\u00e4 viruksia tai haittaohjelmia. Vierailemalla sivustolla hyv\u00e4ksyt ev\u00e4steiden k\u00e4yt\u00f6n. Lis\u00e4tietoa kaikesta tietosuojaan liittyv\u00e4st\u00e4 l\u00f6yd\u00e4t sivulta:&nbsp;https:\/\/tietosuoja.fi\/tietosuoja<\/p>\n","protected":false},"author":1,"featured_media":0,"parent":0,"menu_order":0,"comment_status":"closed","ping_status":"open","template":"","meta":{"site-sidebar-layout":"default","site-content-layout":"default","ast-site-content-layout":"default","site-content-style":"default","site-sidebar-style":"default","ast-global-header-display":"","ast-banner-title-visibility":"","ast-main-header-display":"","ast-hfb-above-header-display":"","ast-hfb-below-header-display":"","ast-hfb-mobile-header-display":"","site-post-title":"","ast-breadcrumbs-content":"","ast-featured-img":"","footer-sml-layout":"","ast-disable-related-posts":"","theme-transparent-header-meta":"default","adv-header-id-meta":"","stick-header-meta":"","header-above-stick-meta":"","header-main-stick-meta":"","header-below-stick-meta":"","astra-migrate-meta-layouts":"default","ast-page-background-enabled":"default","ast-page-background-meta":{"desktop":{"background-color":"","background-image":"","background-repeat":"repeat","background-position":"center center","background-size":"auto","background-attachment":"scroll","background-type":"","background-media":"","overlay-type":"","overlay-color":"","overlay-opacity":"","overlay-gradient":""},"tablet":{"background-color":"","background-image":"","background-repeat":"repeat","background-position":"center center","background-size":"auto","background-attachment":"scroll","background-type":"","background-media":"","overlay-type":"","overlay-color":"","overlay-opacity":"","overlay-gradient":""},"mobile":{"background-color":"","background-image":"","background-repeat":"repeat","background-position":"center center","background-size":"auto","background-attachment":"scroll","background-type":"","background-media":"","overlay-type":"","overlay-color":"","overlay-opacity":"","overlay-gradient":""}},"ast-content-background-meta":{"desktop":{"background-color":"var(--ast-global-color-5)","background-image":"","background-repeat":"repeat","background-position":"center center","background-size":"auto","background-attachment":"scroll","background-type":"","background-media":"","overlay-type":"","overlay-color":"","overlay-opacity":"","overlay-gradient":""},"tablet":{"background-color":"var(--ast-global-color-5)","background-image":"","background-repeat":"repeat","background-position":"center center","background-size":"auto","background-attachment":"scroll","background-type":"","background-media":"","overlay-type":"","overlay-color":"","overlay-opacity":"","overlay-gradient":""},"mobile":{"background-color":"var(--ast-global-color-5)","background-image":"","background-repeat":"repeat","background-position":"center center","background-size":"auto","background-attachment":"scroll","background-type":"","background-media":"","overlay-type":"","overlay-color":"","overlay-opacity":"","overlay-gradient":""}},"footnotes":""},"class_list":["post-3","page","type-page","status-publish","hentry"],"yoast_head":"<!-- This site is optimized with the Yoast SEO plugin v27.2 - https:\/\/yoast.com\/product\/yoast-seo-wordpress\/ -->\n<title>Tietosuoja - LAHDEN KITARAORKESTERI<\/title>\n<meta name=\"robots\" content=\"index, follow, max-snippet:-1, max-image-preview:large, max-video-preview:-1\" \/>\n<link rel=\"canonical\" href=\"https:\/\/lahdenkitaraorkesteri.fi\/index.php\/privacy-policy\/\" \/>\n<meta property=\"og:locale\" content=\"fi_FI\" \/>\n<meta property=\"og:type\" content=\"article\" \/>\n<meta property=\"og:title\" content=\"Tietosuoja - LAHDEN KITARAORKESTERI\" \/>\n<meta property=\"og:description\" content=\"Sivuston osoite on: https:\/\/lahdenkitaraorkesteri.fi Ev\u00e4s\u00adtei\u00adden k\u00e4yt\u00adt\u00f6: Sivuston k\u00e4ytt\u00f6\u00e4 seurataan, jotta palvelua voidaan parantaa. Seurannassa k\u00e4ytet\u00e4\u00e4n ev\u00e4steit\u00e4 (cookies). Ev\u00e4steet eiv\u00e4t sis\u00e4ll\u00e4 mit\u00e4\u00e4n sellaista tietoa, jolla k\u00e4ytt\u00e4j\u00e4n voisi yksil\u00f6id\u00e4 tai tunnistaa. Ev\u00e4ste ei vaikuta tietoturvaan, eik\u00e4 se voi levitt\u00e4\u00e4 viruksia tai haittaohjelmia. Vierailemalla sivustolla hyv\u00e4ksyt ev\u00e4steiden k\u00e4yt\u00f6n. Lis\u00e4tietoa kaikesta tietosuojaan liittyv\u00e4st\u00e4 l\u00f6yd\u00e4t sivulta:&nbsp;https:\/\/tietosuoja.fi\/tietosuoja\" \/>\n<meta property=\"og:url\" content=\"https:\/\/lahdenkitaraorkesteri.fi\/index.php\/privacy-policy\/\" \/>\n<meta property=\"og:site_name\" content=\"LAHDEN KITARAORKESTERI\" \/>\n<meta property=\"article:modified_time\" content=\"2021-03-09T21:00:45+00:00\" \/>\n<meta name=\"twitter:card\" content=\"summary_large_image\" \/>\n<meta name=\"twitter:label1\" content=\"Arvioitu lukuaika\" \/>\n\t<meta name=\"twitter:data1\" content=\"1 minuutti\" \/>\n<script type=\"application\/ld+json\" class=\"yoast-schema-graph\">{\"@context\":\"https:\/\/schema.org\",\"@graph\":[{\"@type\":\"WebPage\",\"@id\":\"https:\/\/lahdenkitaraorkesteri.fi\/index.php\/privacy-policy\/\",\"url\":\"https:\/\/lahdenkitaraorkesteri.fi\/index.php\/privacy-policy\/\",\"name\":\"Tietosuoja - LAHDEN KITARAORKESTERI\",\"isPartOf\":{\"@id\":\"https:\/\/lahdenkitaraorkesteri.fi\/#website\"},\"datePublished\":\"2021-03-02T06:33:37+00:00\",\"dateModified\":\"2021-03-09T21:00:45+00:00\",\"breadcrumb\":{\"@id\":\"https:\/\/lahdenkitaraorkesteri.fi\/index.php\/privacy-policy\/#breadcrumb\"},\"inLanguage\":\"fi\",\"potentialAction\":[{\"@type\":\"ReadAction\",\"target\":[\"https:\/\/lahdenkitaraorkesteri.fi\/index.php\/privacy-policy\/\"]}]},{\"@type\":\"BreadcrumbList\",\"@id\":\"https:\/\/lahdenkitaraorkesteri.fi\/index.php\/privacy-policy\/#breadcrumb\",\"itemListElement\":[{\"@type\":\"ListItem\",\"position\":1,\"name\":\"Home\",\"item\":\"https:\/\/lahdenkitaraorkesteri.fi\/\"},{\"@type\":\"ListItem\",\"position\":2,\"name\":\"Tietosuoja\"}]},{\"@type\":\"WebSite\",\"@id\":\"https:\/\/lahdenkitaraorkesteri.fi\/#website\",\"url\":\"https:\/\/lahdenkitaraorkesteri.fi\/\",\"name\":\"LAHDEN KITARAORKESTERI\",\"description\":\"Soittoa ja laulua vuodesta 2002\",\"publisher\":{\"@id\":\"https:\/\/lahdenkitaraorkesteri.fi\/#organization\"},\"potentialAction\":[{\"@type\":\"SearchAction\",\"target\":{\"@type\":\"EntryPoint\",\"urlTemplate\":\"https:\/\/lahdenkitaraorkesteri.fi\/?s={search_term_string}\"},\"query-input\":{\"@type\":\"PropertyValueSpecification\",\"valueRequired\":true,\"valueName\":\"search_term_string\"}}],\"inLanguage\":\"fi\"},{\"@type\":\"Organization\",\"@id\":\"https:\/\/lahdenkitaraorkesteri.fi\/#organization\",\"name\":\"LAHDEN KITARAORKESTERI\",\"url\":\"https:\/\/lahdenkitaraorkesteri.fi\/\",\"logo\":{\"@type\":\"ImageObject\",\"inLanguage\":\"fi\",\"@id\":\"https:\/\/lahdenkitaraorkesteri.fi\/#\/schema\/logo\/image\/\",\"url\":\"https:\/\/lahdenkitaraorkesteri.fi\/wp-content\/uploads\/2021\/03\/cropped-LKO-Logo.jpg\",\"contentUrl\":\"https:\/\/lahdenkitaraorkesteri.fi\/wp-content\/uploads\/2021\/03\/cropped-LKO-Logo.jpg\",\"width\":512,\"height\":512,\"caption\":\"LAHDEN KITARAORKESTERI\"},\"image\":{\"@id\":\"https:\/\/lahdenkitaraorkesteri.fi\/#\/schema\/logo\/image\/\"}}]}<\/script>\n<!-- \/ Yoast SEO plugin. -->","yoast_head_json":{"title":"Tietosuoja - LAHDEN KITARAORKESTERI","robots":{"index":"index","follow":"follow","max-snippet":"max-snippet:-1","max-image-preview":"max-image-preview:large","max-video-preview":"max-video-preview:-1"},"canonical":"https:\/\/lahdenkitaraorkesteri.fi\/index.php\/privacy-policy\/","og_locale":"fi_FI","og_type":"article","og_title":"Tietosuoja - LAHDEN KITARAORKESTERI","og_description":"Sivuston osoite on: https:\/\/lahdenkitaraorkesteri.fi Ev\u00e4s\u00adtei\u00adden k\u00e4yt\u00adt\u00f6: Sivuston k\u00e4ytt\u00f6\u00e4 seurataan, jotta palvelua voidaan parantaa. Seurannassa k\u00e4ytet\u00e4\u00e4n ev\u00e4steit\u00e4 (cookies). Ev\u00e4steet eiv\u00e4t sis\u00e4ll\u00e4 mit\u00e4\u00e4n sellaista tietoa, jolla k\u00e4ytt\u00e4j\u00e4n voisi yksil\u00f6id\u00e4 tai tunnistaa. Ev\u00e4ste ei vaikuta tietoturvaan, eik\u00e4 se voi levitt\u00e4\u00e4 viruksia tai haittaohjelmia. Vierailemalla sivustolla hyv\u00e4ksyt ev\u00e4steiden k\u00e4yt\u00f6n. Lis\u00e4tietoa kaikesta tietosuojaan liittyv\u00e4st\u00e4 l\u00f6yd\u00e4t sivulta:&nbsp;https:\/\/tietosuoja.fi\/tietosuoja","og_url":"https:\/\/lahdenkitaraorkesteri.fi\/index.php\/privacy-policy\/","og_site_name":"LAHDEN KITARAORKESTERI","article_modified_time":"2021-03-09T21:00:45+00:00","twitter_card":"summary_large_image","twitter_misc":{"Arvioitu lukuaika":"1 minuutti"},"schema":{"@context":"https:\/\/schema.org","@graph":[{"@type":"WebPage","@id":"https:\/\/lahdenkitaraorkesteri.fi\/index.php\/privacy-policy\/","url":"https:\/\/lahdenkitaraorkesteri.fi\/index.php\/privacy-policy\/","name":"Tietosuoja - LAHDEN KITARAORKESTERI","isPartOf":{"@id":"https:\/\/lahdenkitaraorkesteri.fi\/#website"},"datePublished":"2021-03-02T06:33:37+00:00","dateModified":"2021-03-09T21:00:45+00:00","breadcrumb":{"@id":"https:\/\/lahdenkitaraorkesteri.fi\/index.php\/privacy-policy\/#breadcrumb"},"inLanguage":"fi","potentialAction":[{"@type":"ReadAction","target":["https:\/\/lahdenkitaraorkesteri.fi\/index.php\/privacy-policy\/"]}]},{"@type":"BreadcrumbList","@id":"https:\/\/lahdenkitaraorkesteri.fi\/index.php\/privacy-policy\/#breadcrumb","itemListElement":[{"@type":"ListItem","position":1,"name":"Home","item":"https:\/\/lahdenkitaraorkesteri.fi\/"},{"@type":"ListItem","position":2,"name":"Tietosuoja"}]},{"@type":"WebSite","@id":"https:\/\/lahdenkitaraorkesteri.fi\/#website","url":"https:\/\/lahdenkitaraorkesteri.fi\/","name":"LAHDEN KITARAORKESTERI","description":"Soittoa ja laulua vuodesta 2002","publisher":{"@id":"https:\/\/lahdenkitaraorkesteri.fi\/#organization"},"potentialAction":[{"@type":"SearchAction","target":{"@type":"EntryPoint","urlTemplate":"https:\/\/lahdenkitaraorkesteri.fi\/?s={search_term_string}"},"query-input":{"@type":"PropertyValueSpecification","valueRequired":true,"valueName":"search_term_string"}}],"inLanguage":"fi"},{"@type":"Organization","@id":"https:\/\/lahdenkitaraorkesteri.fi\/#organization","name":"LAHDEN KITARAORKESTERI","url":"https:\/\/lahdenkitaraorkesteri.fi\/","logo":{"@type":"ImageObject","inLanguage":"fi","@id":"https:\/\/lahdenkitaraorkesteri.fi\/#\/schema\/logo\/image\/","url":"https:\/\/lahdenkitaraorkesteri.fi\/wp-content\/uploads\/2021\/03\/cropped-LKO-Logo.jpg","contentUrl":"https:\/\/lahdenkitaraorkesteri.fi\/wp-content\/uploads\/2021\/03\/cropped-LKO-Logo.jpg","width":512,"height":512,"caption":"LAHDEN KITARAORKESTERI"},"image":{"@id":"https:\/\/lahdenkitaraorkesteri.fi\/#\/schema\/logo\/image\/"}}]}},"_links":{"self":[{"href":"https:\/\/lahdenkitaraorkesteri.fi\/index.php\/wp-json\/wp\/v2\/pages\/3","targetHints":{"allow":["GET"]}}],"collection":[{"href":"https:\/\/lahdenkitaraorkesteri.fi\/index.php\/wp-json\/wp\/v2\/pages"}],"about":[{"href":"https:\/\/lahdenkitaraorkesteri.fi\/index.php\/wp-json\/wp\/v2\/types\/page"}],"author":[{"embeddable":true,"href":"https:\/\/lahdenkitaraorkesteri.fi\/index.php\/wp-json\/wp\/v2\/users\/1"}],"replies":[{"embeddable":true,"href":"https:\/\/lahdenkitaraorkesteri.fi\/index.php\/wp-json\/wp\/v2\/comments?post=3"}],"version-history":[{"count":2,"href":"https:\/\/lahdenkitaraorkesteri.fi\/index.php\/wp-json\/wp\/v2\/pages\/3\/revisions"}],"predecessor-version":[{"id":127,"href":"https:\/\/lahdenkitaraorkesteri.fi\/index.php\/wp-json\/wp\/v2\/pages\/3\/revisions\/127"}],"wp:attachment":[{"href":"https:\/\/lahdenkitaraorkesteri.fi\/index.php\/wp-json\/wp\/v2\/media?parent=3"}],"curies":[{"name":"wp","href":"https:\/\/api.w.org\/{rel}","templated":true}]}}